{"id":193,"date":"2023-02-26T15:08:27","date_gmt":"2023-02-26T14:08:27","guid":{"rendered":"https:\/\/www.vamb.at\/agency\/?page_id=193"},"modified":"2024-11-06T19:17:26","modified_gmt":"2024-11-06T18:17:26","slug":"impressum","status":"publish","type":"page","link":"https:\/\/www.vamb.at\/agency\/impressum\/","title":{"rendered":"Impressum"},"content":{"rendered":"\n<div class=\"wp-block-uagb-container uagb-block-cg1bkftt alignfull uagb-is-root-container\"><div class=\"uagb-container-inner-blocks-wrap\">\n<div class=\"wp-block-uagb-advanced-heading uagb-block-zbgwv9hf\"><h2 class=\"uagb-heading-text\">Impressum<\/h2><\/div>\n\n\n\n<div class=\"wp-block-uagb-faq uagb-faq__outer-wrap uagb-block-6qd82tbr uagb-faq-icon-row-reverse uagb-faq-layout-accordion uagb-faq-expand-first-true uagb-faq-inactive-other-false uagb-faq__wrap uagb-buttons-layout-wrap uagb-faq-equal-height\" data-faqtoggle=\"false\" role=\"tablist\">\n<div class=\"wp-block-uagb-faq-child uagb-faq-child__outer-wrap uagb-faq-item uagb-block-tyuxwhvf\" role=\"tab\" tabindex=\"0\"><div class=\"uagb-faq-questions-button uagb-faq-questions\"><span class=\"uagb-icon uagb-faq-icon-wrap\"><\/span><span class=\"uagb-icon-active uagb-faq-icon-wrap\"><\/span><p class=\"uagb-question\"><strong>F\u00fcr diese Website verantwortlicher Herausgeber<\/strong><\/p><\/div><div class=\"uagb-faq-content\"><p><strong>Firmenname:<\/strong> VAMB e.U.<br>Inhaberin Viktoria Anna-Maria Bruckner<br><br><strong>Rechtsform:<\/strong> eingetragenes Einzelunternehmen<br><br><strong>Angaben des Firmenbuches:<\/strong><br>Firmenbuchnummer FN\u00a0599935 h<br>F\u00fcr das Firmenbuch zust\u00e4ndiges Gericht: Landesgericht St. P\u00f6lten<br><br><strong>Firmensitz laut Firmenbuch:<\/strong><br>Forstgasse 4<br>3004 Ried am Riederberg<br>\u00d6sterreich<br><br><strong>Kontaktdaten:<\/strong><br>Telefon: +43\u00a0676\u00a0560 04 28<br>E-Mail:\u00a0\u00a0<a href=\"mailto:viktoria@vamb.at\">viktoria@vamb.at<\/a><br>Internet:\u00a0<a href=\"http:\/\/www.vamb.at\">www.vamb.at<\/a><br><br><strong>Bankverbindung:<\/strong><br>bank99<br>IBAN: AT27 1912 0500 1316 3311<br>BIC: SPBAATWWXXX<\/p><\/div><\/div>\n<\/div>\n\n\n\n<div class=\"wp-block-uagb-buttons uagb-buttons__outer-wrap uagb-btn__default-btn uagb-btn-tablet__default-btn uagb-btn-mobile__default-btn uagb-block-ijem7es5\"><div class=\"uagb-buttons__wrap uagb-buttons-layout-wrap \">\n<div class=\"wp-block-uagb-buttons-child uagb-buttons__outer-wrap uagb-block-04d61abf wp-block-button\"><div class=\"uagb-button__wrapper\"><a class=\"uagb-buttons-repeater wp-block-button__link\" aria-label=\"\" href=\"#\" rel=\"follow noopener\" target=\"_self\"><div class=\"uagb-button__link\">Click Here<\/div><\/a><\/div><\/div>\n<\/div><\/div>\n<\/div><\/div>\n","protected":false},"excerpt":{"rendered":"<p>Impressum<\/p>\n","protected":false},"author":1,"featured_media":0,"parent":0,"menu_order":0,"comment_status":"closed","ping_status":"closed","template":"","meta":{"_uag_custom_page_level_css":"","site-sidebar-layout":"default","site-content-layout":"","ast-site-content-layout":"","site-content-style":"default","site-sidebar-style":"default","ast-global-header-display":"","ast-banner-title-visibility":"","ast-main-header-display":"","ast-hfb-above-header-display":"","ast-hfb-below-header-display":"","ast-hfb-mobile-header-display":"","site-post-title":"disabled","ast-breadcrumbs-content":"","ast-featured-img":"","footer-sml-layout":"","theme-transparent-header-meta":"","adv-header-id-meta":"","stick-header-meta":"","header-above-stick-meta":"","header-main-stick-meta":"","header-below-stick-meta":"","astra-migrate-meta-layouts":"default","ast-page-background-enabled":"default","ast-page-background-meta":{"desktop":{"background-color":"var(--ast-global-color-4)","background-image":"","background-repeat":"repeat","background-position":"center center","background-size":"auto","background-attachment":"scroll","background-type":"","background-media":"","overlay-type":"","overlay-color":"","overlay-gradient":""},"tablet":{"background-color":"","background-image":"","background-repeat":"repeat","background-position":"center center","background-size":"auto","background-attachment":"scroll","background-type":"","background-media":"","overlay-type":"","overlay-color":"","overlay-gradient":""},"mobile":{"background-color":"","background-image":"","background-repeat":"repeat","background-position":"center center","background-size":"auto","background-attachment":"scroll","background-type":"","background-media":"","overlay-type":"","overlay-color":"","overlay-gradient":""}},"ast-content-background-meta":{"desktop":{"background-color":"var(--ast-global-color-5)","background-image":"","background-repeat":"repeat","background-position":"center center","background-size":"auto","background-attachment":"scroll","background-type":"","background-media":"","overlay-type":"","overlay-color":"","overlay-gradient":""},"tablet":{"background-color":"var(--ast-global-color-5)","background-image":"","background-repeat":"repeat","background-position":"center center","background-size":"auto","background-attachment":"scroll","background-type":"","background-media":"","overlay-type":"","overlay-color":"","overlay-gradient":""},"mobile":{"background-color":"var(--ast-global-color-5)","background-image":"","background-repeat":"repeat","background-position":"center center","background-size":"auto","background-attachment":"scroll","background-type":"","background-media":"","overlay-type":"","overlay-color":"","overlay-gradient":""}},"_themeisle_gutenberg_block_has_review":false,"footnotes":""},"uagb_featured_image_src":{"full":false,"thumbnail":false,"medium":false,"medium_large":false,"large":false,"1536x1536":false,"2048x2048":false},"uagb_author_info":{"display_name":"admin","author_link":"https:\/\/www.vamb.at\/agency\/author\/admin\/"},"uagb_comment_info":0,"uagb_excerpt":"Impressum","_links":{"self":[{"href":"https:\/\/www.vamb.at\/agency\/wp-json\/wp\/v2\/pages\/193"}],"collection":[{"href":"https:\/\/www.vamb.at\/agency\/wp-json\/wp\/v2\/pages"}],"about":[{"href":"https:\/\/www.vamb.at\/agency\/wp-json\/wp\/v2\/types\/page"}],"author":[{"embeddable":true,"href":"https:\/\/www.vamb.at\/agency\/wp-json\/wp\/v2\/users\/1"}],"replies":[{"embeddable":true,"href":"https:\/\/www.vamb.at\/agency\/wp-json\/wp\/v2\/comments?post=193"}],"version-history":[{"count":15,"href":"https:\/\/www.vamb.at\/agency\/wp-json\/wp\/v2\/pages\/193\/revisions"}],"predecessor-version":[{"id":524,"href":"https:\/\/www.vamb.at\/agency\/wp-json\/wp\/v2\/pages\/193\/revisions\/524"}],"wp:attachment":[{"href":"https:\/\/www.vamb.at\/agency\/wp-json\/wp\/v2\/media?parent=193"}],"curies":[{"name":"wp","href":"https:\/\/api.w.org\/{rel}","templated":true}]}}